{"id":15,"date":"2024-11-27T10:22:16","date_gmt":"2024-11-27T10:22:16","guid":{"rendered":"https:\/\/oleumhistricum.com\/?page_id=15"},"modified":"2024-11-27T10:22:16","modified_gmt":"2024-11-27T10:22:16","slug":"opg-d-d","status":"publish","type":"page","link":"https:\/\/oleumhistricum.com\/index.php\/opg-d-d\/","title":{"rendered":"OPG D &#038; D"},"content":{"rendered":"<p>&nbsp;<\/p>\n<p>Na blagim padinama unutra\u0161njosti Istre smjestili su se na\u0161i maslinici. Ekolo\u0161ki uzgoj na\u0161ih maslina sa mnogo pa\u017enje na\u0161a je svakodnevnica.<br \/>\nU masliniku imamo mije\u0161ane sorte : Leccino , Frantojo, Bu\u017ea, Pendolino, Istarska bjelica, Maurinjo. Maslinici su okru\u017eeni samoniklim mirisnim<br \/>\nbiljem &#8211; divlja menta, neven , metvica. Sva na\u0161a pa\u017enja usmjerena je prema proizvodnji Extra djevi\u010danskog maslinovog ulja kako bi na Va\u0161 stol<br \/>\ndo\u0161ao proizvod iznimne kvalitete i okusa,<\/p>\n<p>Kontakt<\/p>\n<p>info@oleumhistricum.com<\/p>\n<p>mob: 0914610611<\/p>\n<p><img fetchpriority=\"high\" decoding=\"async\" class=\"alignnone size-medium wp-image-12\" src=\"https:\/\/oleumhistricum.com\/wp-content\/uploads\/2024\/11\/IMG_0517-225x300.jpg\" alt=\"\" width=\"225\" height=\"300\" srcset=\"https:\/\/oleumhistricum.com\/wp-content\/uploads\/2024\/11\/IMG_0517-225x300.jpg 225w, https:\/\/oleumhistricum.com\/wp-content\/uploads\/2024\/11\/IMG_0517-rotated.jpg 480w\" sizes=\"(max-width: 225px) 100vw, 225px\" \/><\/p>\n<p>&nbsp;<\/p>\n","protected":false},"excerpt":{"rendered":"<p>&nbsp; Na blagim padinama unutra\u0161njosti Istre smjestili su se na\u0161i maslinici. Ekolo\u0161ki uzgoj na\u0161ih maslina sa mnogo pa\u017enje na\u0161a je svakodnevnica. U masliniku imamo mije\u0161ane sorte : Leccino , Frantojo, Bu\u017ea, Pendolino, Istarska bjelica, Maurinjo. Maslinici su okru\u017eeni samoniklim mirisnim biljem &#8211; divlja menta, neven , metvica. Sva na\u0161a pa\u017enja usmjerena je prema proizvodnji Extra [&hellip;]<\/p>\n","protected":false},"author":1,"featured_media":9,"parent":0,"menu_order":0,"comment_status":"closed","ping_status":"closed","template":"elementor_theme","meta":{"footnotes":""},"class_list":["post-15","page","type-page","status-publish","has-post-thumbnail","hentry"],"_links":{"self":[{"href":"https:\/\/oleumhistricum.com\/index.php\/wp-json\/wp\/v2\/pages\/15","targetHints":{"allow":["GET"]}}],"collection":[{"href":"https:\/\/oleumhistricum.com\/index.php\/wp-json\/wp\/v2\/pages"}],"about":[{"href":"https:\/\/oleumhistricum.com\/index.php\/wp-json\/wp\/v2\/types\/page"}],"author":[{"embeddable":true,"href":"https:\/\/oleumhistricum.com\/index.php\/wp-json\/wp\/v2\/users\/1"}],"replies":[{"embeddable":true,"href":"https:\/\/oleumhistricum.com\/index.php\/wp-json\/wp\/v2\/comments?post=15"}],"version-history":[{"count":4,"href":"https:\/\/oleumhistricum.com\/index.php\/wp-json\/wp\/v2\/pages\/15\/revisions"}],"predecessor-version":[{"id":26,"href":"https:\/\/oleumhistricum.com\/index.php\/wp-json\/wp\/v2\/pages\/15\/revisions\/26"}],"wp:featuredmedia":[{"embeddable":true,"href":"https:\/\/oleumhistricum.com\/index.php\/wp-json\/wp\/v2\/media\/9"}],"wp:attachment":[{"href":"https:\/\/oleumhistricum.com\/index.php\/wp-json\/wp\/v2\/media?parent=15"}],"curies":[{"name":"wp","href":"https:\/\/api.w.org\/{rel}","templated":true}]}}